{"id":20,"date":"2023-09-12T11:11:43","date_gmt":"2023-09-12T09:11:43","guid":{"rendered":"https:\/\/jo-co.fr\/?page_id=20"},"modified":"2024-03-10T19:55:47","modified_gmt":"2024-03-10T18:55:47","slug":"mes-missions","status":"publish","type":"page","link":"https:\/\/jo-co.fr\/index.php\/mes-missions\/","title":{"rendered":"Les missions"},"content":{"rendered":"\t\t<div data-elementor-type=\"wp-page\" data-elementor-id=\"20\" class=\"elementor elementor-20\">\n\t\t\t\t\t\t<section class=\"elementor-section elementor-top-section elementor-element elementor-element-12d8736 elementor-section-boxed elementor-section-height-default elementor-section-height-default\" data-id=\"12d8736\" data-element_type=\"section\" data-e-type=\"section\">\n\t\t\t\t\t\t<div class=\"elementor-container elementor-column-gap-default\">\n\t\t\t\t\t<div class=\"elementor-column elementor-col-50 elementor-top-column elementor-element elementor-element-2bec4f7\" data-id=\"2bec4f7\" data-element_type=\"column\" data-e-type=\"column\">\n\t\t\t<div class=\"elementor-widget-wrap elementor-element-populated\">\n\t\t\t\t\t\t<div class=\"elementor-element elementor-element-19b1a66 elementor-widget elementor-widget-menu-anchor\" data-id=\"19b1a66\" data-element_type=\"widget\" data-e-type=\"widget\" data-widget_type=\"menu-anchor.default\">\n\t\t\t\t<div class=\"elementor-widget-container\">\n\t\t\t\t\t\t\t<div class=\"elementor-menu-anchor\" id=\"MG\"><\/div>\n\t\t\t\t\t\t<\/div>\n\t\t\t\t<\/div>\n\t\t\t\t<div class=\"elementor-element elementor-element-aba6181 elementor-widget elementor-widget-heading\" data-id=\"aba6181\" data-element_type=\"widget\" data-e-type=\"widget\" data-widget_type=\"heading.default\">\n\t\t\t\t<div class=\"elementor-widget-container\">\n\t\t\t\t\t<h2 class=\"elementor-heading-title elementor-size-default\">Mission G\u00e9n\u00e9rale<\/h2>\t\t\t\t<\/div>\n\t\t\t\t<\/div>\n\t\t\t\t<div class=\"elementor-element elementor-element-2daf350 elementor-widget elementor-widget-text-editor\" data-id=\"2daf350\" data-element_type=\"widget\" data-e-type=\"widget\" data-widget_type=\"text-editor.default\">\n\t\t\t\t<div class=\"elementor-widget-container\">\n\t\t\t\t\t\t\t\t\t<p>Il s&rsquo;agit ici de structurer ou re-structurer enti\u00e8rement votre organisation<\/p><p>Un \u00e9tat des lieux pour les structures existantes depuis plus d&rsquo;un an sera men\u00e9 afin de relever les points de vigilance pour d\u00e9finir puis mettre en \u0153uvre une structuration efficiente de votre gestion administrative, juridique, sociale et financi\u00e8re.<\/p>\t\t\t\t\t\t\t\t<\/div>\n\t\t\t\t<\/div>\n\t\t\t\t\t<\/div>\n\t\t<\/div>\n\t\t\t\t<div class=\"elementor-column elementor-col-50 elementor-top-column elementor-element elementor-element-dbefde8\" data-id=\"dbefde8\" data-element_type=\"column\" data-e-type=\"column\">\n\t\t\t<div class=\"elementor-widget-wrap\">\n\t\t\t\t\t\t\t<\/div>\n\t\t<\/div>\n\t\t\t\t\t<\/div>\n\t\t<\/section>\n\t\t\t\t<section class=\"elementor-section elementor-top-section elementor-element elementor-element-8de28ef elementor-section-boxed elementor-section-height-default elementor-section-height-default\" data-id=\"8de28ef\" data-element_type=\"section\" data-e-type=\"section\">\n\t\t\t\t\t\t<div class=\"elementor-container elementor-column-gap-default\">\n\t\t\t\t\t<div class=\"elementor-column elementor-col-50 elementor-top-column elementor-element elementor-element-d9537c3\" data-id=\"d9537c3\" data-element_type=\"column\" data-e-type=\"column\">\n\t\t\t<div class=\"elementor-widget-wrap\">\n\t\t\t\t\t\t\t<\/div>\n\t\t<\/div>\n\t\t\t\t<div class=\"elementor-column elementor-col-50 elementor-top-column elementor-element elementor-element-cc8606e\" data-id=\"cc8606e\" data-element_type=\"column\" data-e-type=\"column\">\n\t\t\t<div class=\"elementor-widget-wrap elementor-element-populated\">\n\t\t\t\t\t\t<div class=\"elementor-element elementor-element-72a4d20 elementor-widget elementor-widget-menu-anchor\" data-id=\"72a4d20\" data-element_type=\"widget\" data-e-type=\"widget\" data-widget_type=\"menu-anchor.default\">\n\t\t\t\t<div class=\"elementor-widget-container\">\n\t\t\t\t\t\t\t<div class=\"elementor-menu-anchor\" id=\"MS\"><\/div>\n\t\t\t\t\t\t<\/div>\n\t\t\t\t<\/div>\n\t\t\t\t<div class=\"elementor-element elementor-element-89f2cdd elementor-widget elementor-widget-heading\" data-id=\"89f2cdd\" data-element_type=\"widget\" data-e-type=\"widget\" data-widget_type=\"heading.default\">\n\t\t\t\t<div class=\"elementor-widget-container\">\n\t\t\t\t\t<h2 class=\"elementor-heading-title elementor-size-default\">Mission Sp\u00e9cifique<\/h2>\t\t\t\t<\/div>\n\t\t\t\t<\/div>\n\t\t\t\t<div class=\"elementor-element elementor-element-ea03096 elementor-widget elementor-widget-text-editor\" data-id=\"ea03096\" data-element_type=\"widget\" data-e-type=\"widget\" data-widget_type=\"text-editor.default\">\n\t\t\t\t<div class=\"elementor-widget-container\">\n\t\t\t\t\t\t\t\t\t<p>Je porterai une analyse cibl\u00e9e sur un besoin particulier et proposerai la mise en \u0153uvre d&rsquo;une organisation sp\u00e9cifique :<\/p><ul><li>Exemples de besoins en structuration <strong>FINANCI\u00c8RE : <\/strong>Cr\u00e9ation d\u2019outils de gestion, mise en place d\u2019une organisation de gestion financi\u00e8re, \u00e9laboration d\u2019un plan de financement\/budget pr\u00e9visionnel de cr\u00e9ation, investissement ou de fonctionnement, recherche de financements \u2026<\/li><li>Exemples de besoins en structuration <strong>ADMINISTRATIVE ET JURIDIQUE : <\/strong>cr\u00e9ation administrative d\u2019une structure, \u00e9laboration de statuts, de contrats, de conventions, mise aux normes\u2026<\/li><li>Exemples de besoins en structuration <strong>SOCIALE\/RH : <\/strong>R\u00e9vision ou \u00e9laboration de l\u2019organisation de travail au sein d\u2019une \u00e9quipe, mise en place d\u2019un processus complet de recrutement, \u00e9laboration d\u2019un plan de formation et relation avec l\u2019Opco\u2026<\/li><\/ul>\t\t\t\t\t\t\t\t<\/div>\n\t\t\t\t<\/div>\n\t\t\t\t\t<\/div>\n\t\t<\/div>\n\t\t\t\t\t<\/div>\n\t\t<\/section>\n\t\t\t\t<section class=\"elementor-section elementor-top-section elementor-element elementor-element-208cf9d elementor-section-boxed elementor-section-height-default elementor-section-height-default\" data-id=\"208cf9d\" data-element_type=\"section\" data-e-type=\"section\">\n\t\t\t\t\t\t<div class=\"elementor-container elementor-column-gap-default\">\n\t\t\t\t\t<div class=\"elementor-column elementor-col-50 elementor-top-column elementor-element elementor-element-7e5d940\" data-id=\"7e5d940\" data-element_type=\"column\" data-e-type=\"column\">\n\t\t\t<div class=\"elementor-widget-wrap elementor-element-populated\">\n\t\t\t\t\t\t<div class=\"elementor-element elementor-element-2f0e9c7 elementor-widget elementor-widget-menu-anchor\" data-id=\"2f0e9c7\" data-element_type=\"widget\" data-e-type=\"widget\" data-widget_type=\"menu-anchor.default\">\n\t\t\t\t<div class=\"elementor-widget-container\">\n\t\t\t\t\t\t\t<div class=\"elementor-menu-anchor\" id=\"MT\"><\/div>\n\t\t\t\t\t\t<\/div>\n\t\t\t\t<\/div>\n\t\t\t\t<div class=\"elementor-element elementor-element-a481f48 elementor-widget elementor-widget-heading\" data-id=\"a481f48\" data-element_type=\"widget\" data-e-type=\"widget\" data-widget_type=\"heading.default\">\n\t\t\t\t<div class=\"elementor-widget-container\">\n\t\t\t\t\t<h2 class=\"elementor-heading-title elementor-size-default\">Mission de Transition<\/h2>\t\t\t\t<\/div>\n\t\t\t\t<\/div>\n\t\t\t\t<div class=\"elementor-element elementor-element-b06abbc elementor-widget elementor-widget-text-editor\" data-id=\"b06abbc\" data-element_type=\"widget\" data-e-type=\"widget\" data-widget_type=\"text-editor.default\">\n\t\t\t\t<div class=\"elementor-widget-container\">\n\t\t\t\t\t\t\t\t\t<p>Cette solution vise a\u0300 assurer la continuit\u00e9 du fonctionnement administratif et financier de la structure culturelle par l\u2019ex\u00e9cution de certaines t\u00e2ches essentielles du poste vacant d\u2019administrateur.rice.<\/p><p>La mission de transition comprend l\u2019accompagnement de la direction et\/ou de la gouvernance pour \u00e9valuer le fonctionnement du poste vacant, sa place au sein de l\u2019\u00e9quipe permanente et au sein du projet artistique et culturel.<\/p><p>\u00a0<\/p>\t\t\t\t\t\t\t\t<\/div>\n\t\t\t\t<\/div>\n\t\t\t\t\t<\/div>\n\t\t<\/div>\n\t\t\t\t<div class=\"elementor-column elementor-col-50 elementor-top-column elementor-element elementor-element-f66277a\" data-id=\"f66277a\" data-element_type=\"column\" data-e-type=\"column\">\n\t\t\t<div class=\"elementor-widget-wrap\">\n\t\t\t\t\t\t\t<\/div>\n\t\t<\/div>\n\t\t\t\t\t<\/div>\n\t\t<\/section>\n\t\t\t\t<\/div>\n\t\t","protected":false},"excerpt":{"rendered":"<p>Mission G\u00e9n\u00e9rale Il s&rsquo;agit ici de structurer ou re-structurer enti\u00e8rement votre organisation Un \u00e9tat des lieux pour les structures existantes depuis plus d&rsquo;un an sera men\u00e9 afin de relever les points de vigilance pour d\u00e9finir puis mettre en \u0153uvre une structuration efficiente de votre gestion administrative, juridique, sociale et financi\u00e8re. Mission Sp\u00e9cifique Je porterai une [&hellip;]<\/p>\n","protected":false},"author":1,"featured_media":0,"parent":0,"menu_order":0,"comment_status":"closed","ping_status":"closed","template":"","meta":{"ocean_post_layout":"","ocean_both_sidebars_style":"","ocean_both_sidebars_content_width":0,"ocean_both_sidebars_sidebars_width":0,"ocean_sidebar":"","ocean_second_sidebar":"","ocean_disable_margins":"enable","ocean_add_body_class":"","ocean_shortcode_before_top_bar":"","ocean_shortcode_after_top_bar":"","ocean_shortcode_before_header":"","ocean_shortcode_after_header":"","ocean_has_shortcode":"","ocean_shortcode_after_title":"","ocean_shortcode_before_footer_widgets":"","ocean_shortcode_after_footer_widgets":"","ocean_shortcode_before_footer_bottom":"","ocean_shortcode_after_footer_bottom":"","ocean_display_top_bar":"default","ocean_display_header":"default","ocean_header_style":"","ocean_center_header_left_menu":"","ocean_custom_header_template":"","ocean_custom_logo":0,"ocean_custom_retina_logo":0,"ocean_custom_logo_max_width":0,"ocean_custom_logo_tablet_max_width":0,"ocean_custom_logo_mobile_max_width":0,"ocean_custom_logo_max_height":0,"ocean_custom_logo_tablet_max_height":0,"ocean_custom_logo_mobile_max_height":0,"ocean_header_custom_menu":"","ocean_menu_typo_font_family":"","ocean_menu_typo_font_subset":"","ocean_menu_typo_font_size":0,"ocean_menu_typo_font_size_tablet":0,"ocean_menu_typo_font_size_mobile":0,"ocean_menu_typo_font_size_unit":"px","ocean_menu_typo_font_weight":"","ocean_menu_typo_font_weight_tablet":"","ocean_menu_typo_font_weight_mobile":"","ocean_menu_typo_transform":"","ocean_menu_typo_transform_tablet":"","ocean_menu_typo_transform_mobile":"","ocean_menu_typo_line_height":0,"ocean_menu_typo_line_height_tablet":0,"ocean_menu_typo_line_height_mobile":0,"ocean_menu_typo_line_height_unit":"","ocean_menu_typo_spacing":0,"ocean_menu_typo_spacing_tablet":0,"ocean_menu_typo_spacing_mobile":0,"ocean_menu_typo_spacing_unit":"","ocean_menu_link_color":"","ocean_menu_link_color_hover":"","ocean_menu_link_color_active":"","ocean_menu_link_background":"","ocean_menu_link_hover_background":"","ocean_menu_link_active_background":"","ocean_menu_social_links_bg":"","ocean_menu_social_hover_links_bg":"","ocean_menu_social_links_color":"","ocean_menu_social_hover_links_color":"","ocean_disable_title":"default","ocean_disable_heading":"default","ocean_post_title":"","ocean_post_subheading":"","ocean_post_title_style":"","ocean_post_title_background_color":"","ocean_post_title_background":0,"ocean_post_title_bg_image_position":"","ocean_post_title_bg_image_attachment":"","ocean_post_title_bg_image_repeat":"","ocean_post_title_bg_image_size":"","ocean_post_title_height":0,"ocean_post_title_bg_overlay":0.5,"ocean_post_title_bg_overlay_color":"","ocean_disable_breadcrumbs":"default","ocean_breadcrumbs_color":"","ocean_breadcrumbs_separator_color":"","ocean_breadcrumbs_links_color":"","ocean_breadcrumbs_links_hover_color":"","ocean_display_footer_widgets":"default","ocean_display_footer_bottom":"default","ocean_custom_footer_template":"","footnotes":""},"class_list":["post-20","page","type-page","status-publish","hentry","entry"],"yoast_head":"<!-- This site is optimized with the Yoast SEO plugin v26.9 - https:\/\/yoast.com\/product\/yoast-seo-wordpress\/ -->\n<title>Les missions - JOCO<\/title>\n<meta name=\"robots\" content=\"index, follow, max-snippet:-1, max-image-preview:large, max-video-preview:-1\" \/>\n<link rel=\"canonical\" href=\"https:\/\/jo-co.fr\/index.php\/mes-missions\/\" \/>\n<meta property=\"og:locale\" content=\"fr_FR\" \/>\n<meta property=\"og:type\" content=\"article\" \/>\n<meta property=\"og:title\" content=\"Les missions - JOCO\" \/>\n<meta property=\"og:description\" content=\"Mission G\u00e9n\u00e9rale Il s&rsquo;agit ici de structurer ou re-structurer enti\u00e8rement votre organisation Un \u00e9tat des lieux pour les structures existantes depuis plus d&rsquo;un an sera men\u00e9 afin de relever les points de vigilance pour d\u00e9finir puis mettre en \u0153uvre une structuration efficiente de votre gestion administrative, juridique, sociale et financi\u00e8re. Mission Sp\u00e9cifique Je porterai une [&hellip;]\" \/>\n<meta property=\"og:url\" content=\"https:\/\/jo-co.fr\/index.php\/mes-missions\/\" \/>\n<meta property=\"og:site_name\" content=\"JOCO\" \/>\n<meta property=\"article:modified_time\" content=\"2024-03-10T18:55:47+00:00\" \/>\n<meta name=\"twitter:card\" content=\"summary_large_image\" \/>\n<meta name=\"twitter:label1\" content=\"Dur\u00e9e de lecture estim\u00e9e\" \/>\n\t<meta name=\"twitter:data1\" content=\"2 minutes\" \/>\n<script type=\"application\/ld+json\" class=\"yoast-schema-graph\">{\"@context\":\"https:\/\/schema.org\",\"@graph\":[{\"@type\":\"WebPage\",\"@id\":\"https:\/\/jo-co.fr\/index.php\/mes-missions\/\",\"url\":\"https:\/\/jo-co.fr\/index.php\/mes-missions\/\",\"name\":\"Les missions - JOCO\",\"isPartOf\":{\"@id\":\"https:\/\/yovojsr.cluster029.hosting.ovh.net\/#website\"},\"datePublished\":\"2023-09-12T09:11:43+00:00\",\"dateModified\":\"2024-03-10T18:55:47+00:00\",\"breadcrumb\":{\"@id\":\"https:\/\/jo-co.fr\/index.php\/mes-missions\/#breadcrumb\"},\"inLanguage\":\"fr-FR\",\"potentialAction\":[{\"@type\":\"ReadAction\",\"target\":[\"https:\/\/jo-co.fr\/index.php\/mes-missions\/\"]}]},{\"@type\":\"BreadcrumbList\",\"@id\":\"https:\/\/jo-co.fr\/index.php\/mes-missions\/#breadcrumb\",\"itemListElement\":[{\"@type\":\"ListItem\",\"position\":1,\"name\":\"Accueil\",\"item\":\"https:\/\/jo-co.fr\/\"},{\"@type\":\"ListItem\",\"position\":2,\"name\":\"Les missions\"}]},{\"@type\":\"WebSite\",\"@id\":\"https:\/\/yovojsr.cluster029.hosting.ovh.net\/#website\",\"url\":\"https:\/\/yovojsr.cluster029.hosting.ovh.net\/\",\"name\":\"JOCO\",\"description\":\"facilitatrice administrative\",\"publisher\":{\"@id\":\"https:\/\/yovojsr.cluster029.hosting.ovh.net\/#organization\"},\"potentialAction\":[{\"@type\":\"SearchAction\",\"target\":{\"@type\":\"EntryPoint\",\"urlTemplate\":\"https:\/\/yovojsr.cluster029.hosting.ovh.net\/?s={search_term_string}\"},\"query-input\":{\"@type\":\"PropertyValueSpecification\",\"valueRequired\":true,\"valueName\":\"search_term_string\"}}],\"inLanguage\":\"fr-FR\"},{\"@type\":\"Organization\",\"@id\":\"https:\/\/yovojsr.cluster029.hosting.ovh.net\/#organization\",\"name\":\"JOCO\",\"url\":\"https:\/\/yovojsr.cluster029.hosting.ovh.net\/\",\"logo\":{\"@type\":\"ImageObject\",\"inLanguage\":\"fr-FR\",\"@id\":\"https:\/\/yovojsr.cluster029.hosting.ovh.net\/#\/schema\/logo\/image\/\",\"url\":\"https:\/\/jo-co.fr\/wp-content\/uploads\/2023\/10\/cropped-LOGO-horizontal.png\",\"contentUrl\":\"https:\/\/jo-co.fr\/wp-content\/uploads\/2023\/10\/cropped-LOGO-horizontal.png\",\"width\":1229,\"height\":327,\"caption\":\"JOCO\"},\"image\":{\"@id\":\"https:\/\/yovojsr.cluster029.hosting.ovh.net\/#\/schema\/logo\/image\/\"}}]}<\/script>\n<!-- \/ Yoast SEO plugin. -->","yoast_head_json":{"title":"Les missions - JOCO","robots":{"index":"index","follow":"follow","max-snippet":"max-snippet:-1","max-image-preview":"max-image-preview:large","max-video-preview":"max-video-preview:-1"},"canonical":"https:\/\/jo-co.fr\/index.php\/mes-missions\/","og_locale":"fr_FR","og_type":"article","og_title":"Les missions - JOCO","og_description":"Mission G\u00e9n\u00e9rale Il s&rsquo;agit ici de structurer ou re-structurer enti\u00e8rement votre organisation Un \u00e9tat des lieux pour les structures existantes depuis plus d&rsquo;un an sera men\u00e9 afin de relever les points de vigilance pour d\u00e9finir puis mettre en \u0153uvre une structuration efficiente de votre gestion administrative, juridique, sociale et financi\u00e8re. Mission Sp\u00e9cifique Je porterai une [&hellip;]","og_url":"https:\/\/jo-co.fr\/index.php\/mes-missions\/","og_site_name":"JOCO","article_modified_time":"2024-03-10T18:55:47+00:00","twitter_card":"summary_large_image","twitter_misc":{"Dur\u00e9e de lecture estim\u00e9e":"2 minutes"},"schema":{"@context":"https:\/\/schema.org","@graph":[{"@type":"WebPage","@id":"https:\/\/jo-co.fr\/index.php\/mes-missions\/","url":"https:\/\/jo-co.fr\/index.php\/mes-missions\/","name":"Les missions - JOCO","isPartOf":{"@id":"https:\/\/yovojsr.cluster029.hosting.ovh.net\/#website"},"datePublished":"2023-09-12T09:11:43+00:00","dateModified":"2024-03-10T18:55:47+00:00","breadcrumb":{"@id":"https:\/\/jo-co.fr\/index.php\/mes-missions\/#breadcrumb"},"inLanguage":"fr-FR","potentialAction":[{"@type":"ReadAction","target":["https:\/\/jo-co.fr\/index.php\/mes-missions\/"]}]},{"@type":"BreadcrumbList","@id":"https:\/\/jo-co.fr\/index.php\/mes-missions\/#breadcrumb","itemListElement":[{"@type":"ListItem","position":1,"name":"Accueil","item":"https:\/\/jo-co.fr\/"},{"@type":"ListItem","position":2,"name":"Les missions"}]},{"@type":"WebSite","@id":"https:\/\/yovojsr.cluster029.hosting.ovh.net\/#website","url":"https:\/\/yovojsr.cluster029.hosting.ovh.net\/","name":"JOCO","description":"facilitatrice administrative","publisher":{"@id":"https:\/\/yovojsr.cluster029.hosting.ovh.net\/#organization"},"potentialAction":[{"@type":"SearchAction","target":{"@type":"EntryPoint","urlTemplate":"https:\/\/yovojsr.cluster029.hosting.ovh.net\/?s={search_term_string}"},"query-input":{"@type":"PropertyValueSpecification","valueRequired":true,"valueName":"search_term_string"}}],"inLanguage":"fr-FR"},{"@type":"Organization","@id":"https:\/\/yovojsr.cluster029.hosting.ovh.net\/#organization","name":"JOCO","url":"https:\/\/yovojsr.cluster029.hosting.ovh.net\/","logo":{"@type":"ImageObject","inLanguage":"fr-FR","@id":"https:\/\/yovojsr.cluster029.hosting.ovh.net\/#\/schema\/logo\/image\/","url":"https:\/\/jo-co.fr\/wp-content\/uploads\/2023\/10\/cropped-LOGO-horizontal.png","contentUrl":"https:\/\/jo-co.fr\/wp-content\/uploads\/2023\/10\/cropped-LOGO-horizontal.png","width":1229,"height":327,"caption":"JOCO"},"image":{"@id":"https:\/\/yovojsr.cluster029.hosting.ovh.net\/#\/schema\/logo\/image\/"}}]}},"_links":{"self":[{"href":"https:\/\/jo-co.fr\/index.php\/wp-json\/wp\/v2\/pages\/20","targetHints":{"allow":["GET"]}}],"collection":[{"href":"https:\/\/jo-co.fr\/index.php\/wp-json\/wp\/v2\/pages"}],"about":[{"href":"https:\/\/jo-co.fr\/index.php\/wp-json\/wp\/v2\/types\/page"}],"author":[{"embeddable":true,"href":"https:\/\/jo-co.fr\/index.php\/wp-json\/wp\/v2\/users\/1"}],"replies":[{"embeddable":true,"href":"https:\/\/jo-co.fr\/index.php\/wp-json\/wp\/v2\/comments?post=20"}],"version-history":[{"count":18,"href":"https:\/\/jo-co.fr\/index.php\/wp-json\/wp\/v2\/pages\/20\/revisions"}],"predecessor-version":[{"id":352,"href":"https:\/\/jo-co.fr\/index.php\/wp-json\/wp\/v2\/pages\/20\/revisions\/352"}],"wp:attachment":[{"href":"https:\/\/jo-co.fr\/index.php\/wp-json\/wp\/v2\/media?parent=20"}],"curies":[{"name":"wp","href":"https:\/\/api.w.org\/{rel}","templated":true}]}}